{"id":587,"date":"2025-05-23T15:52:41","date_gmt":"2025-05-23T15:52:41","guid":{"rendered":"https:\/\/www.prortk.com\/?page_id=587"},"modified":"2025-06-20T23:17:12","modified_gmt":"2025-06-20T23:17:12","slug":"cevresel-haritalama","status":"publish","type":"page","link":"https:\/\/www.prortk.com\/tr\/cevresel-haritalama\/","title":{"rendered":"\u00c7evresel Haritalama"},"content":{"rendered":"<div class=\"wpb-content-wrapper\"><p>[vc_row full_width=&#8221;stretch_row&#8221; awb_type=&#8221;video&#8221; awb_image_background_position=&#8221;50% 50%&#8221; awb_video_mobile=&#8221;1&#8243; awb_color=&#8221;#0000004D&#8221; awb_parallax=&#8221;scroll&#8221; awb_parallax_speed=&#8221;0.5&#8243; css=&#8221;.vc_custom_1748480724395{margin-top: 0px !important;margin-right: 0px !important;margin-bottom: 0px !important;margin-left: 0px !important;border-top-width: 0px !important;border-right-width: 0px !important;border-bottom-width: 0px !important;border-left-width: 0px !important;padding-top: 0px !important;padding-bottom: 0px !important;}&#8221; awb_image=&#8221;351&#8243; el_class=&#8221;text_shadow&#8221; el_id=&#8221;page_hero&#8221; awb_video_mp4=&#8221;344&#8243;][vc_column css_animation=&#8221;top-to-bottom&#8221; css=&#8221;.vc_custom_1748528956483{margin-top: 0px !important;margin-right: 0px !important;margin-bottom: 0px !important;margin-left: 0px !important;padding-top: 300px !important;padding-right: 0px !important;padding-bottom: 220px !important;padding-left: 0px !important;}&#8221;][vc_custom_heading source=&#8221;post_title&#8221; font_container=&#8221;tag:h2|font_size:48px|text_align:center|color:%23FFFFFF|line_height:1.3&#8243; use_theme_fonts=&#8221;yes&#8221; css=&#8221;.vc_custom_1748470294895{margin-top: 0px !important;margin-right: 0px !important;margin-bottom: 0px !important;margin-left: 0px !important;padding-top: 0px !important;padding-right: 0px !important;padding-bottom: 0px !important;padding-left: 0px !important;}&#8221; letter_spacing=&#8221;1&#8243; custom_font_weight=&#8221;900&#8243;][vc_custom_heading text=&#8221;Arazi Analizi, Tekrarlanan \u00d6l\u00e7\u00fcmler ve Saha Ara\u015ft\u0131rmalar\u0131 i\u00e7in Canl\u0131 GNSS D\u00fczeltmeleri&#8221; font_container=&#8221;tag:div|font_size:16px|text_align:center|color:%23FFFFFF|line_height:1.5&#8243; use_theme_fonts=&#8221;yes&#8221; css=&#8221;.vc_custom_1750461412709{margin-top: 0px !important;margin-right: 0px !important;margin-bottom: 0px !important;margin-left: 0px !important;padding-top: 0px !important;padding-right: 0px !important;padding-bottom: 0px !important;padding-left: 0px !important;}&#8221; letter_spacing=&#8221;1&#8243; custom_font_weight=&#8221;500&#8243;][vc_custom_heading text=&#8221;Ke\u015ffet&#8221; font_container=&#8221;tag:div|font_size:13px|text_align:center|color:%23FFFFFF|line_height:1&#8243; use_theme_fonts=&#8221;yes&#8221; css=&#8221;.vc_custom_1750461419521{margin-top: 50px !important;margin-right: 0px !important;margin-bottom: -10px !important;margin-left: 0px !important;padding-top: 0px !important;padding-right: 0px !important;padding-bottom: 0px !important;padding-left: 0px !important;}&#8221; letter_spacing=&#8221;1&#8243; custom_font_weight=&#8221;600&#8243; link=&#8221;url:%23page_content&#8221;][vc_icon icon_fontawesome=&#8221;fa fa-solid fa-angle-down&#8221; color=&#8221;white&#8221; size=&#8221;sm&#8221; align=&#8221;center&#8221; css=&#8221;.vc_custom_1748471468126{margin-top: 0px !important;margin-right: 0px !important;margin-bottom: 0px !important;margin-left: 0px !important;padding-top: 0px !important;padding-right: 0px !important;padding-bottom: 0px !important;padding-left: 0px !important;}&#8221; link=&#8221;url:%23page_content&#8221;][\/vc_column][\/vc_row][vc_row full_width=&#8221;stretch_row&#8221; equal_height=&#8221;yes&#8221; css_animation=&#8221;fadeIn&#8221; css=&#8221;.vc_custom_1748528965734{margin-top: 0px !important;margin-right: 0px !important;margin-bottom: 0px !important;margin-left: 0px !important;border-top-width: 0px !important;border-right-width: 0px !important;border-bottom-width: 0px !important;border-left-width: 0px !important;padding-top: 70px !important;padding-bottom: 70px !important;}&#8221; el_id=&#8221;page_content&#8221;][vc_column width=&#8221;1\/2&#8243; css=&#8221;.vc_custom_1748470884267{margin-top: 0px !important;margin-right: 0px !important;margin-bottom: 0px !important;margin-left: 0px !important;padding-top: 10% !important;padding-right: 10% !important;padding-bottom: 10% !important;padding-left: 10% !important;}&#8221;][vc_column_text css=&#8221;.vc_custom_1750461430793{margin-top: 0px !important;margin-right: 0px !important;margin-bottom: 0px !important;margin-left: 0px !important;padding-top: 0px !important;padding-right: 0px !important;padding-bottom: 0px !important;padding-left: 0px !important;}&#8221; text_color=&#8221;#000000&#8243; links_color=&#8221;#48CAE4&#8243; links_color_hover=&#8221;#023E7D&#8221; font_size=&#8221;16&#8243; line_height=&#8221;24&#8243;]<strong>\u00c7evre ve Peyzaj Ara\u015ft\u0131rmalar\u0131 i\u00e7in RTK Hassasiyeti<\/strong><\/p>\n<p>\u00c7evre bilimciler ve saha ara\u015ft\u0131rmac\u0131lar\u0131, sens\u00f6r yerle\u015ftirmeden tutarl\u0131, mevsimsel \u00f6l\u00e7\u00fcmler yapmaya kadar \u00e7e\u015fitli g\u00f6revler i\u00e7in hassas mekansal verilere g\u00fcvenirler. RTKdata, santimetre d\u00fczeyinde do\u011frulukla ger\u00e7ek zamanl\u0131 GNSS d\u00fczeltmeleri sa\u011flayarak \u00e7e\u015fitli arazilerde g\u00fcvenilir, tekrarlanabilir i\u015flemler sa\u011flar.<\/p>\n<p>\u00c7\u00f6z\u00fcm\u00fcm\u00fcz, NTRIP&#8217;yi destekleyen \u00e7o\u011fu GNSS al\u0131c\u0131s\u0131yla sorunsuz bir \u015fekilde \u00e7al\u0131\u015farak mevcut el cihazlar\u0131n\u0131z\u0131n, ara\u015ft\u0131rma gezginlerinizin veya dronlar\u0131n\u0131z\u0131n do\u011frulu\u011funu art\u0131rman\u0131za olanak tan\u0131r. Kendi baz istasyonunuzu y\u00f6netmenize gerek yok; sadece \u00e7evrimi\u00e7i ba\u011flan\u0131n ve y\u00fcksek hassasiyetli veri toplamaya ba\u015flay\u0131n.<\/p>\n<p>140&#8217;tan fazla \u00fclkede 15.000&#8217;den fazla d\u00fczeltme kayna\u011f\u0131na eri\u015fim sayesinde RTKdata, ihtiya\u00e7 duyuldu\u011fu anda ve yerde kullan\u0131labilir. \u00d6zellikle uzak veya a\u00e7\u0131k b\u00f6lgeler i\u00e7in, kullan\u0131c\u0131lar kesintisiz hizmet i\u00e7in ge\u00e7ici bir baz istasyonu da kurabilirler.[\/vc_column_text][\/vc_column][vc_column width=&#8221;1\/2&#8243; css=&#8221;.vc_custom_1748480731996{margin-top: 0px !important;margin-right: 0px !important;margin-bottom: 0px !important;margin-left: 0px !important;padding-top: 400px !important;padding-right: 0px !important;padding-bottom: 0px !important;padding-left: 0px !important;background-image: url(https:\/\/www.prortk.com\/wp-content\/uploads\/2025\/05\/aerial-view-on-the-forest-and-river-landscape-fro-2025-03-09-13-35-34-utc.jpg?id=357) !important;background-position: center !important;background-repeat: no-repeat !important;background-size: cover !important;border-radius: 20px !important;}&#8221;][\/vc_column][\/vc_row]<\/p>\n<\/div>","protected":false},"excerpt":{"rendered":"<p>[vc_row full_width=&#8221;stretch_row&#8221; awb_type=&#8221;video&#8221; awb_image_background_position=&#8221;50% 50%&#8221; awb_video_mobile=&#8221;1&#8243; awb_color=&#8221;#0000004D&#8221; awb_parallax=&#8221;scroll&#8221; awb_parallax_speed=&#8221;0.5&#8243; css=&#8221;.vc_custom_1748480724395{margin-top: 0px !important;margin-right: 0px !important;margin-bottom: 0px !important;margin-left: 0px !important;border-top-width: 0px !important;border-right-width: 0px !important;border-bottom-width: 0px !important;border-left-width: 0px !important;padding-top: 0px !important;padding-bottom: 0px !important;}&#8221; awb_image=&#8221;351&#8243; el_class=&#8221;text_shadow&#8221; el_id=&#8221;page_hero&#8221; awb_video_mp4=&#8221;344&#8243;][vc_column css_animation=&#8221;top-to-bottom&#8221; css=&#8221;.vc_custom_1748528956483{margin-top: 0px !important;margin-right: 0px !important;margin-bottom: 0px !important;margin-left: 0px !important;padding-top: 300px !important;padding-right: 0px !important;padding-bottom: 220px !important;padding-left: 0px !important;}&#8221;][vc_custom_heading source=&#8221;post_title&#8221; font_container=&#8221;tag:h2|font_size:48px|text_align:center|color:%23FFFFFF|line_height:1.3&#8243; use_theme_fonts=&#8221;yes&#8221; [&hellip;]<\/p>\n","protected":false},"author":1,"featured_media":0,"parent":0,"menu_order":0,"comment_status":"closed","ping_status":"closed","template":"template-homepage.php","meta":{"footnotes":""},"class_list":["post-587","page","type-page","status-publish","hentry"],"_links":{"self":[{"href":"https:\/\/www.prortk.com\/tr\/wp-json\/wp\/v2\/pages\/587","targetHints":{"allow":["GET"]}}],"collection":[{"href":"https:\/\/www.prortk.com\/tr\/wp-json\/wp\/v2\/pages"}],"about":[{"href":"https:\/\/www.prortk.com\/tr\/wp-json\/wp\/v2\/types\/page"}],"author":[{"embeddable":true,"href":"https:\/\/www.prortk.com\/tr\/wp-json\/wp\/v2\/users\/1"}],"replies":[{"embeddable":true,"href":"https:\/\/www.prortk.com\/tr\/wp-json\/wp\/v2\/comments?post=587"}],"version-history":[{"count":1,"href":"https:\/\/www.prortk.com\/tr\/wp-json\/wp\/v2\/pages\/587\/revisions"}],"predecessor-version":[{"id":588,"href":"https:\/\/www.prortk.com\/tr\/wp-json\/wp\/v2\/pages\/587\/revisions\/588"}],"wp:attachment":[{"href":"https:\/\/www.prortk.com\/tr\/wp-json\/wp\/v2\/media?parent=587"}],"curies":[{"name":"wp","href":"https:\/\/api.w.org\/{rel}","templated":true}]}}